{"id":5803,"date":"2023-04-21T06:42:10","date_gmt":"2023-04-21T06:42:10","guid":{"rendered":"http:\/\/loklinde.de\/?page_id=5803"},"modified":"2023-04-21T07:23:19","modified_gmt":"2023-04-21T07:23:19","slug":"hauptversammlung-2023","status":"publish","type":"page","link":"http:\/\/loklinde.de\/index.php\/hauptversammlung-2023\/","title":{"rendered":"Hauptversammlung 2023"},"content":{"rendered":"<p>Auch in diesem Jahr, am 20. April 2023, waren die Mitglieder des Schoppenvereins 1. FC Lok Linde zur Hauptversammlung geladen. Vorsitzender Marc Schramm begr\u00fc\u00dfte ca. 40 Mitglieder im Sportlerhaus Dipperz.<\/p>\n<p><a href=\"http:\/\/loklinde.de\/hauptversammlung-2023\/whatsapp-image-2023-04-20-at-20-35-29\/\" rel=\"attachment wp-att-5818\"><img loading=\"lazy\" decoding=\"async\" class=\"aligncenter wp-image-5818 size-large\" src=\"http:\/\/loklinde.de\/wp-content\/uploads\/2023\/04\/WhatsApp-Image-2023-04-20-at-20.35.29-1024x576.jpeg\" alt=\"\" width=\"720\" height=\"405\" srcset=\"http:\/\/loklinde.de\/wp-content\/uploads\/2023\/04\/WhatsApp-Image-2023-04-20-at-20.35.29-1024x576.jpeg 1024w, http:\/\/loklinde.de\/wp-content\/uploads\/2023\/04\/WhatsApp-Image-2023-04-20-at-20.35.29-300x169.jpeg 300w, http:\/\/loklinde.de\/wp-content\/uploads\/2023\/04\/WhatsApp-Image-2023-04-20-at-20.35.29-768x432.jpeg 768w, http:\/\/loklinde.de\/wp-content\/uploads\/2023\/04\/WhatsApp-Image-2023-04-20-at-20.35.29-1536x864.jpeg 1536w, http:\/\/loklinde.de\/wp-content\/uploads\/2023\/04\/WhatsApp-Image-2023-04-20-at-20.35.29.jpeg 1920w\" sizes=\"auto, (max-width: 720px) 100vw, 720px\" \/><\/a><\/p>\n<p><a href=\"http:\/\/loklinde.de\/hauptversammlung-2023\/20230420_200449\/\" rel=\"attachment wp-att-5812\"><img loading=\"lazy\" decoding=\"async\" class=\"aligncenter wp-image-5812 size-large\" src=\"http:\/\/loklinde.de\/wp-content\/uploads\/2023\/04\/20230420_200449-1024x768.jpg\" alt=\"\" width=\"720\" height=\"540\" srcset=\"http:\/\/loklinde.de\/wp-content\/uploads\/2023\/04\/20230420_200449-1024x768.jpg 1024w, http:\/\/loklinde.de\/wp-content\/uploads\/2023\/04\/20230420_200449-300x225.jpg 300w, http:\/\/loklinde.de\/wp-content\/uploads\/2023\/04\/20230420_200449-768x576.jpg 768w, http:\/\/loklinde.de\/wp-content\/uploads\/2023\/04\/20230420_200449-1536x1152.jpg 1536w, http:\/\/loklinde.de\/wp-content\/uploads\/2023\/04\/20230420_200449-2048x1536.jpg 2048w\" sizes=\"auto, (max-width: 720px) 100vw, 720px\" \/><\/a><\/p>\n<p>Nach einer Gedenkminute f\u00fcr die verstorbenen Vereinsmitglieder bedankte sich der Vorstand bei den Mitgliedern f\u00fcr die Einsatzbereitschaft bei den verschiedenen Veranstaltungen. &nbsp;Besonders dankte Marc Schramm Herrmann Heum\u00fcller und Helmut Walter f\u00fcr die Bereitstellung der Lokalit\u00e4ten f\u00fcr die Monatssitzungen. Danach gab der 1. Schriftf\u00fchrer Christian Berger einen R\u00fcckblick auf die Aktivit\u00e4ten des abgelaufenen Vereinsjahres.<\/p>\n<p><a href=\"http:\/\/loklinde.de\/20230420_200451\/\"><img loading=\"lazy\" decoding=\"async\" class=\"aligncenter wp-image-5813 size-large\" src=\"http:\/\/loklinde.de\/wp-content\/uploads\/2023\/04\/20230420_200451-1024x768.jpg\" alt=\"\" width=\"720\" height=\"540\" srcset=\"http:\/\/loklinde.de\/wp-content\/uploads\/2023\/04\/20230420_200451-1024x768.jpg 1024w, http:\/\/loklinde.de\/wp-content\/uploads\/2023\/04\/20230420_200451-300x225.jpg 300w, http:\/\/loklinde.de\/wp-content\/uploads\/2023\/04\/20230420_200451-768x576.jpg 768w, http:\/\/loklinde.de\/wp-content\/uploads\/2023\/04\/20230420_200451-1536x1152.jpg 1536w, http:\/\/loklinde.de\/wp-content\/uploads\/2023\/04\/20230420_200451-2048x1536.jpg 2048w\" sizes=\"auto, (max-width: 720px) 100vw, 720px\" \/><\/a><\/p>\n<p><a href=\"http:\/\/loklinde.de\/20230420_200456\/\"><img loading=\"lazy\" decoding=\"async\" class=\"aligncenter wp-image-5814 size-large\" src=\"http:\/\/loklinde.de\/wp-content\/uploads\/2023\/04\/20230420_200456-1024x768.jpg\" alt=\"\" width=\"720\" height=\"540\" srcset=\"http:\/\/loklinde.de\/wp-content\/uploads\/2023\/04\/20230420_200456-1024x768.jpg 1024w, http:\/\/loklinde.de\/wp-content\/uploads\/2023\/04\/20230420_200456-300x225.jpg 300w, http:\/\/loklinde.de\/wp-content\/uploads\/2023\/04\/20230420_200456-768x576.jpg 768w, http:\/\/loklinde.de\/wp-content\/uploads\/2023\/04\/20230420_200456-1536x1152.jpg 1536w, http:\/\/loklinde.de\/wp-content\/uploads\/2023\/04\/20230420_200456-2048x1536.jpg 2048w\" sizes=\"auto, (max-width: 720px) 100vw, 720px\" \/><\/a><\/p>\n<p>Der 1. Kassierer Tobias Walter berichtete von einer guten Finanzlage des Vereins, was Kassenpr\u00fcfer Felix M\u00fcller best\u00e4tigen konnten. Er bescheinigte eine ordnungsgem\u00e4\u00dfe Kassenf\u00fchrung. Anschlie\u00dfend ging Felix M\u00fcller als Trainer in seinen Ausf\u00fchrungen n\u00e4her auf den sportlichen Bereich der Lok Linde ein.<\/p>\n<p><a href=\"http:\/\/loklinde.de\/20230420_200513\/\"><img loading=\"lazy\" decoding=\"async\" class=\"aligncenter wp-image-5815 size-large\" src=\"http:\/\/loklinde.de\/wp-content\/uploads\/2023\/04\/20230420_200513-1024x768.jpg\" alt=\"\" width=\"720\" height=\"540\" srcset=\"http:\/\/loklinde.de\/wp-content\/uploads\/2023\/04\/20230420_200513-1024x768.jpg 1024w, http:\/\/loklinde.de\/wp-content\/uploads\/2023\/04\/20230420_200513-300x225.jpg 300w, http:\/\/loklinde.de\/wp-content\/uploads\/2023\/04\/20230420_200513-768x576.jpg 768w, http:\/\/loklinde.de\/wp-content\/uploads\/2023\/04\/20230420_200513-1536x1152.jpg 1536w, http:\/\/loklinde.de\/wp-content\/uploads\/2023\/04\/20230420_200513-2048x1536.jpg 2048w\" sizes=\"auto, (max-width: 720px) 100vw, 720px\" \/><\/a><\/p>\n<p><a href=\"http:\/\/loklinde.de\/20230420_203540\/\"><img loading=\"lazy\" decoding=\"async\" class=\"aligncenter wp-image-5816 size-large\" src=\"http:\/\/loklinde.de\/wp-content\/uploads\/2023\/04\/20230420_203540-1024x768.jpg\" alt=\"\" width=\"720\" height=\"540\" srcset=\"http:\/\/loklinde.de\/wp-content\/uploads\/2023\/04\/20230420_203540-1024x768.jpg 1024w, http:\/\/loklinde.de\/wp-content\/uploads\/2023\/04\/20230420_203540-300x225.jpg 300w, http:\/\/loklinde.de\/wp-content\/uploads\/2023\/04\/20230420_203540-768x576.jpg 768w, http:\/\/loklinde.de\/wp-content\/uploads\/2023\/04\/20230420_203540-1536x1152.jpg 1536w, http:\/\/loklinde.de\/wp-content\/uploads\/2023\/04\/20230420_203540-2048x1536.jpg 2048w\" sizes=\"auto, (max-width: 720px) 100vw, 720px\" \/><\/a><\/p>\n<p>Darauffolgend wurde der Gesamtvorstand, auf Antrag von Felix M\u00fcller, von der Versammlung ohne Einw\u00e4nde entlastet. Die sich anschlie\u00dfenden Neuwahlen, durchgef\u00fchrt von Toni Goldbach, brachten, nach z\u00fcgigem Verlauf, folgendes Ergebnis:<\/p>\n<p>Drei gleichberechtigte Vorst\u00e4nde: <strong>Marc Schramm, Martin K\u00f6nig, Michael Walter<\/strong><\/p>\n<p>Schriftf\u00fchrer (1.): <strong>Christian Berger<\/strong><\/p>\n<p>Schriftf\u00fchrer (2): <strong>Frank Sch\u00e4fer<\/strong><\/p>\n<p>Kassierer (1.): <strong>Tobias Walter<\/strong><\/p>\n<p>Kassierer (2.): <strong>Anna Zeller<\/strong><\/p>\n<p>Kassenpr\u00fcfer: <strong>Jasmin Brill, Hannah M\u00fcller<\/strong><\/p>\n<p>Trainer: <strong>Julian Heum\u00fcller, Jannik Hohmann, Felix M\u00fcller<\/strong><\/p>\n<p>Grafik- und Medienbeauftragter (GMB): <strong>Stephan Schulz<\/strong><\/p>\n<p>Vergn\u00fcgungsausschuss-Vorsitzender (VAV): <strong>Harald Ullrich<\/strong><\/p>\n<p>Frauenbeauftragte: <strong>Alexandra Schramm<\/strong><\/p>\n<p>Container-Beauftragte: <strong>Christoph Mehler und Carsten M\u00fcglich<\/strong><\/p>\n<p>&nbsp;<\/p>\n<p>Unter dem Punkt Verschiedenes wies der Vorstand auf kommende Veranstaltungen\/Termine hin:<\/p>\n<table>\n<tbody>\n<tr>\n<td><strong>Termin<\/strong><\/td>\n<td><strong>Veranstaltung<\/strong><\/td>\n<td><strong>Ort<\/strong><\/td>\n<\/tr>\n<tr>\n<td><strong>01. Mai ab 10:30 Uhr<\/strong><\/td>\n<td>Familienwanderung; anschlie\u00dfend Grillen\/gem\u00fctliches Beisammensein<\/td>\n<td>Neuer Sportplatz<\/td>\n<\/tr>\n<tr>\n<td><strong>29. \u2013 30. Juli<\/strong><\/td>\n<td>Schoppenturnier\/Hitcontainer<\/td>\n<td>Alter Sportplatz<\/td>\n<\/tr>\n<tr>\n<td><strong>29. \u2013 30. Oktober<br \/>\n<\/strong><\/td>\n<td>Rh\u00f6ner-Platt-Abend im BGH<\/td>\n<td>BGH<\/td>\n<\/tr>\n<tr>\n<td><strong>Dezember<\/strong><\/td>\n<td>Weihnachtsmarktfahrt<\/td>\n<td>&nbsp;<\/td>\n<\/tr>\n<tr>\n<td><strong>Jeden 1. Donnerstag im Monat ab 20:30 Uhr<\/strong><\/td>\n<td>Monatssitzung<\/td>\n<td>Wird jeweils zeitnah bekannt gegeben<\/td>\n<\/tr>\n<\/tbody>\n<\/table>\n<p>&nbsp;<\/p>\n<p>Der Vorstand gab eine aktuelle \u00dcbersicht \u00fcber die Baut\u00e4tigkeiten im neuen Vereinsheim, der <strong>LOKation <\/strong>(Name wird noch durch neue Vorschl\u00e4ge und Abstimmung demn\u00e4chst ge\u00e4ndert).<\/p>\n<p>Zus\u00e4tzlich wurde dar\u00fcber informiert, dass aus versicherungstechnischen Gr\u00fcnden der Verein zu einem e. V. (eingetragener Verein) umgewandelt wird.<\/p>\n<p>Anschlie\u00dfend wurde der offizielle Teil der Sitzung geschlossen und der Abend mit dem Tagesordnungspunkt \u201egem\u00fctliches Beisammensein\u201c beendet.<\/p>\n<p>&nbsp;<\/p>\n<p>Anzahl Mitglieder am 20.04.2023: <strong>237 (73 Frauen und 164 M\u00e4nner)<\/strong><\/p>\n<p>&nbsp;<\/p>\n","protected":false},"excerpt":{"rendered":"<p>Auch in diesem Jahr, am 20. April 2023, waren die Mitglieder des Schoppenvereins 1. FC Lok Linde zur Hauptversammlung geladen. Vorsitzender Marc Schramm begr\u00fc\u00dfte ca. 40 Mitglieder im Sportlerhaus Dipperz. Nach einer Gedenkminute f\u00fcr die verstorbenen Vereinsmitglieder bedankte sich der Vorstand bei den Mitgliedern f\u00fcr die Einsatzbereitschaft bei den verschiedenen Veranstaltungen. &nbsp;Besonders dankte Marc Schramm [&hellip;]<\/p>\n","protected":false},"author":1,"featured_media":0,"parent":0,"menu_order":0,"comment_status":"closed","ping_status":"closed","template":"","meta":{"ngg_post_thumbnail":0,"footnotes":""},"class_list":["post-5803","page","type-page","status-publish","hentry"],"_links":{"self":[{"href":"http:\/\/loklinde.de\/index.php\/wp-json\/wp\/v2\/pages\/5803","targetHints":{"allow":["GET"]}}],"collection":[{"href":"http:\/\/loklinde.de\/index.php\/wp-json\/wp\/v2\/pages"}],"about":[{"href":"http:\/\/loklinde.de\/index.php\/wp-json\/wp\/v2\/types\/page"}],"author":[{"embeddable":true,"href":"http:\/\/loklinde.de\/index.php\/wp-json\/wp\/v2\/users\/1"}],"replies":[{"embeddable":true,"href":"http:\/\/loklinde.de\/index.php\/wp-json\/wp\/v2\/comments?post=5803"}],"version-history":[{"count":0,"href":"http:\/\/loklinde.de\/index.php\/wp-json\/wp\/v2\/pages\/5803\/revisions"}],"wp:attachment":[{"href":"http:\/\/loklinde.de\/index.php\/wp-json\/wp\/v2\/media?parent=5803"}],"curies":[{"name":"wp","href":"https:\/\/api.w.org\/{rel}","templated":true}]}}