{"id":6900,"date":"2026-04-20T13:01:30","date_gmt":"2026-04-20T13:01:30","guid":{"rendered":"http:\/\/loklinde.de\/?page_id=6900"},"modified":"2026-04-21T17:30:47","modified_gmt":"2026-04-21T17:30:47","slug":"hauptversammlung-2026","status":"publish","type":"page","link":"http:\/\/loklinde.de\/index.php\/hauptversammlung-2026\/","title":{"rendered":"Hauptversammlung 2026"},"content":{"rendered":"<p>Auch in diesem Jahr, am 20. April 2026, waren die Mitglieder des Schoppenvereins 1. FC Lok Linde zur Hauptversammlung geladen. Vorsitzender Marc Schramm begr\u00fc\u00dfte ca. 50 Mitglieder im Sportlerhaus Dipperz.<\/p>\n<p><a href=\"http:\/\/loklinde.de\/wp-content\/uploads\/2026\/04\/20260420_195339-scaled.jpg\"><img loading=\"lazy\" decoding=\"async\" class=\"aligncenter wp-image-6909\" src=\"http:\/\/loklinde.de\/wp-content\/uploads\/2026\/04\/20260420_195339-300x169.jpg\" alt=\"\" width=\"450\" height=\"253\" srcset=\"http:\/\/loklinde.de\/wp-content\/uploads\/2026\/04\/20260420_195339-300x169.jpg 300w, http:\/\/loklinde.de\/wp-content\/uploads\/2026\/04\/20260420_195339-1024x576.jpg 1024w, http:\/\/loklinde.de\/wp-content\/uploads\/2026\/04\/20260420_195339-768x432.jpg 768w, http:\/\/loklinde.de\/wp-content\/uploads\/2026\/04\/20260420_195339-1536x864.jpg 1536w, http:\/\/loklinde.de\/wp-content\/uploads\/2026\/04\/20260420_195339-2048x1152.jpg 2048w\" sizes=\"auto, (max-width: 450px) 100vw, 450px\" \/><\/a><\/p>\n<p>Nach einer Gedenkminute f\u00fcr die verstorbenen Vereinsmitglieder bedankte sich Vorsitzender Marc Schramm bei den Mitgliedern f\u00fcr die Einsatzbereitschaft bei den verschiedenen Veranstaltungen.<\/p>\n<p><a href=\"http:\/\/loklinde.de\/wp-content\/uploads\/2026\/04\/20260420_195350-scaled.jpg\"><img loading=\"lazy\" decoding=\"async\" class=\"aligncenter wp-image-6910\" src=\"http:\/\/loklinde.de\/wp-content\/uploads\/2026\/04\/20260420_195350-300x169.jpg\" alt=\"\" width=\"450\" height=\"253\" srcset=\"http:\/\/loklinde.de\/wp-content\/uploads\/2026\/04\/20260420_195350-300x169.jpg 300w, http:\/\/loklinde.de\/wp-content\/uploads\/2026\/04\/20260420_195350-1024x576.jpg 1024w, http:\/\/loklinde.de\/wp-content\/uploads\/2026\/04\/20260420_195350-768x432.jpg 768w, http:\/\/loklinde.de\/wp-content\/uploads\/2026\/04\/20260420_195350-1536x864.jpg 1536w, http:\/\/loklinde.de\/wp-content\/uploads\/2026\/04\/20260420_195350-2048x1152.jpg 2048w\" sizes=\"auto, (max-width: 450px) 100vw, 450px\" \/><\/a><\/p>\n<p>Die 1. Schriftf\u00fchrerin Vanessa Klemenz gab anschlie\u00dfend einen R\u00fcckblick auf die Aktivit\u00e4ten des abgelaufenen Vereinsjahres und bedankte sich ganz besonders bei allen Helfern.<\/p>\n<p><a href=\"http:\/\/loklinde.de\/wp-content\/uploads\/2026\/04\/20260420_195354-scaled.jpg\"><img loading=\"lazy\" decoding=\"async\" class=\"aligncenter wp-image-6911\" src=\"http:\/\/loklinde.de\/wp-content\/uploads\/2026\/04\/20260420_195354-300x169.jpg\" alt=\"\" width=\"450\" height=\"253\" srcset=\"http:\/\/loklinde.de\/wp-content\/uploads\/2026\/04\/20260420_195354-300x169.jpg 300w, http:\/\/loklinde.de\/wp-content\/uploads\/2026\/04\/20260420_195354-1024x576.jpg 1024w, http:\/\/loklinde.de\/wp-content\/uploads\/2026\/04\/20260420_195354-768x432.jpg 768w, http:\/\/loklinde.de\/wp-content\/uploads\/2026\/04\/20260420_195354-1536x864.jpg 1536w, http:\/\/loklinde.de\/wp-content\/uploads\/2026\/04\/20260420_195354-2048x1152.jpg 2048w\" sizes=\"auto, (max-width: 450px) 100vw, 450px\" \/><\/a><\/p>\n<p>Der 1. Kassierer Tobias Walter berichtete von einer guten Finanzlage des Vereins, was die Kassenpr\u00fcfer Daniel Schr\u00f6ter und Michael Trabert best\u00e4tigen konnten. Sie bescheinigten dem Vorstand eine ordnungsgem\u00e4\u00dfe Kassenf\u00fchrung.<\/p>\n<p><a href=\"http:\/\/loklinde.de\/wp-content\/uploads\/2026\/04\/20260420_195420-scaled.jpg\"><img loading=\"lazy\" decoding=\"async\" class=\"aligncenter wp-image-6912\" src=\"http:\/\/loklinde.de\/wp-content\/uploads\/2026\/04\/20260420_195420-300x169.jpg\" alt=\"\" width=\"450\" height=\"253\" srcset=\"http:\/\/loklinde.de\/wp-content\/uploads\/2026\/04\/20260420_195420-300x169.jpg 300w, http:\/\/loklinde.de\/wp-content\/uploads\/2026\/04\/20260420_195420-1024x576.jpg 1024w, http:\/\/loklinde.de\/wp-content\/uploads\/2026\/04\/20260420_195420-768x432.jpg 768w, http:\/\/loklinde.de\/wp-content\/uploads\/2026\/04\/20260420_195420-1536x864.jpg 1536w, http:\/\/loklinde.de\/wp-content\/uploads\/2026\/04\/20260420_195420-2048x1152.jpg 2048w\" sizes=\"auto, (max-width: 450px) 100vw, 450px\" \/><\/a><\/p>\n<p>Anschlie\u00dfend ging Jannik Hohmann als Trainer in seinen Ausf\u00fchrungen n\u00e4her auf den sportlichen Bereich der Lok Linde ein.<\/p>\n<p><a href=\"http:\/\/loklinde.de\/wp-content\/uploads\/2026\/04\/20260420_195427-scaled.jpg\"><img loading=\"lazy\" decoding=\"async\" class=\"aligncenter wp-image-6913\" src=\"http:\/\/loklinde.de\/wp-content\/uploads\/2026\/04\/20260420_195427-300x169.jpg\" alt=\"\" width=\"450\" height=\"253\" srcset=\"http:\/\/loklinde.de\/wp-content\/uploads\/2026\/04\/20260420_195427-300x169.jpg 300w, http:\/\/loklinde.de\/wp-content\/uploads\/2026\/04\/20260420_195427-1024x576.jpg 1024w, http:\/\/loklinde.de\/wp-content\/uploads\/2026\/04\/20260420_195427-768x432.jpg 768w, http:\/\/loklinde.de\/wp-content\/uploads\/2026\/04\/20260420_195427-1536x864.jpg 1536w, http:\/\/loklinde.de\/wp-content\/uploads\/2026\/04\/20260420_195427-2048x1152.jpg 2048w\" sizes=\"auto, (max-width: 450px) 100vw, 450px\" \/><\/a><\/p>\n<p>Darauffolgend wurde der Gesamtvorstand auf Antrag von Toni Goldbach von der Versammlung ohne Einw\u00e4nde entlastet.<\/p>\n<p>B\u00fcrgermeister Klaus-Dieter Vogler lobte in seinem Gru\u00dfwort noch einmal die Bedeutung der Lok Linde f\u00fcr die Gemeinde, ganz besonders den Hotcontainer mit der Kinderbelustigung und die Spenden: 3x 500 Euro an jeden der drei Kinderg\u00e4rten und 1x 500 Euro an die Voraushelfer.<\/p>\n<p><a href=\"http:\/\/loklinde.de\/index.php\/hauptversammlung-2026\/20260420_203406\/\" rel=\"attachment wp-att-6914\"><img loading=\"lazy\" decoding=\"async\" class=\"size-medium wp-image-6914 aligncenter\" src=\"http:\/\/loklinde.de\/wp-content\/uploads\/2026\/04\/20260420_203406-scaled-e1776779661578-207x300.jpg\" alt=\"\" width=\"207\" height=\"300\" srcset=\"http:\/\/loklinde.de\/wp-content\/uploads\/2026\/04\/20260420_203406-scaled-e1776779661578-207x300.jpg 207w, http:\/\/loklinde.de\/wp-content\/uploads\/2026\/04\/20260420_203406-scaled-e1776779661578-706x1024.jpg 706w, http:\/\/loklinde.de\/wp-content\/uploads\/2026\/04\/20260420_203406-scaled-e1776779661578-768x1114.jpg 768w, http:\/\/loklinde.de\/wp-content\/uploads\/2026\/04\/20260420_203406-scaled-e1776779661578.jpg 853w\" sizes=\"auto, (max-width: 207px) 100vw, 207px\" \/><\/a><\/p>\n<p>Die sich anschlie\u00dfenden Neuwahlen, z\u00fcgig durchgef\u00fchrt von Toni Goldbach, brachten folgendes Ergebnis:<\/p>\n<p><a href=\"http:\/\/loklinde.de\/wp-content\/uploads\/2026\/04\/20260420_204011-scaled-e1776777109400.jpg\" rel=\"attachment wp-att-6916\"><img loading=\"lazy\" decoding=\"async\" class=\"aligncenter wp-image-6916\" src=\"http:\/\/loklinde.de\/wp-content\/uploads\/2026\/04\/20260420_204011-scaled-e1776777109400-300x244.jpg\" alt=\"\" width=\"400\" height=\"326\" srcset=\"http:\/\/loklinde.de\/wp-content\/uploads\/2026\/04\/20260420_204011-scaled-e1776777109400-300x244.jpg 300w, http:\/\/loklinde.de\/wp-content\/uploads\/2026\/04\/20260420_204011-scaled-e1776777109400-1024x833.jpg 1024w, http:\/\/loklinde.de\/wp-content\/uploads\/2026\/04\/20260420_204011-scaled-e1776777109400-768x625.jpg 768w, http:\/\/loklinde.de\/wp-content\/uploads\/2026\/04\/20260420_204011-scaled-e1776777109400.jpg 1284w\" sizes=\"auto, (max-width: 400px) 100vw, 400px\" \/><\/a><\/p>\n<p>Drei gleichberechtigte Vorst\u00e4nde: <strong>Marc Schramm, Christian Berger, Michael Walter<\/strong><\/p>\n<p>Schriftf\u00fchrerin (1.): <strong>Vanessa Trott<\/strong><\/p>\n<p>Schriftf\u00fchrer (2): <strong>Tobias Schleicher<\/strong><\/p>\n<p>Kassierer (1.): <strong>Tobias Walter<\/strong><\/p>\n<p>Kassiererin (2.): <strong>Anna Zeller<\/strong><\/p>\n<p>Kassenpr\u00fcfer: <strong>Lou-Pascal Hau und Martin K\u00f6nig<\/strong><\/p>\n<p>Trainer: <strong>Julian Heum\u00fcller, Jannik Hohmann, Felix M\u00fcller<\/strong><\/p>\n<p>Grafik- und Medienbeauftragter (GMB): <strong>Stephan Schulz<\/strong><\/p>\n<p>Vergn\u00fcgungsausschuss-Vorsitzender (VAV): <strong>Harald Ullrich<\/strong><\/p>\n<p>Frauenbeauftragte: <strong>Alexandra Schramm<\/strong><\/p>\n<p>Container-Beauftragte: <strong>Christoph Mehler und Carsten M\u00fcglich<\/strong><\/p>\n<p>&nbsp;<\/p>\n<p>Unter dem Punkt Verschiedenes wies der Vorstand auf kommende Veranstaltungen\/Termine hin:<\/p>\n<table>\n<tbody>\n<tr>\n<td><strong>Termin<\/strong><\/td>\n<td><strong>Veranstaltung<\/strong><\/td>\n<td><strong>Ort<\/strong><\/td>\n<\/tr>\n<tr>\n<td><strong>24.04.26<\/strong><\/td>\n<td>Einweihung der Lokation<\/td>\n<td>Lokation<\/td>\n<\/tr>\n<tr>\n<td><strong>01. Mai 2026 ab 11:00 Uhr<\/strong><\/td>\n<td>Evtl. Familienwanderung; anschlie\u00dfend Grillen\/gem\u00fctliches Beisammensein<\/td>\n<td>Neuer Sportplatz<\/td>\n<\/tr>\n<tr>\n<td><strong>25. \u2013 26. Juli 2026<\/strong><\/td>\n<td>Schoppenturnier\/Hitcontainer<\/td>\n<td>Alter Sportplatz<\/td>\n<\/tr>\n<tr>\n<td><strong>24.10.2026<\/strong><\/td>\n<td>Loktoberfest<\/td>\n<td>BGH<\/td>\n<\/tr>\n<tr>\n<td><strong>12.12 2026<\/strong><\/td>\n<td>Weihnachtsmarktfahrt<\/td>\n<td>&nbsp;<\/td>\n<\/tr>\n<tr>\n<td><strong>07.02.2026<\/strong><\/td>\n<td>After-Train-Party<\/td>\n<td>BGH<\/td>\n<\/tr>\n<tr>\n<td><strong>&nbsp;<\/strong><\/p>\n<p><strong>Jeden 1. Donnerstag im Monat ab 20:30 Uhr<\/strong><\/td>\n<td>Monatssitzung<\/td>\n<td>Lokation<\/td>\n<\/tr>\n<\/tbody>\n<\/table>\n<p>&nbsp;<\/p>\n<p>Geehrt wurde Stefan Raschdorf f\u00fcr 25j\u00e4hrige Mitgliedschaft.<\/p>\n<p><a href=\"http:\/\/loklinde.de\/wp-content\/uploads\/2026\/04\/20260420_210753-scaled-e1776777224977.jpg\"><img loading=\"lazy\" decoding=\"async\" class=\"aligncenter wp-image-6921\" src=\"http:\/\/loklinde.de\/wp-content\/uploads\/2026\/04\/20260420_210753-scaled-e1776777224977-183x300.jpg\" alt=\"\" width=\"300\" height=\"492\" srcset=\"http:\/\/loklinde.de\/wp-content\/uploads\/2026\/04\/20260420_210753-scaled-e1776777224977-183x300.jpg 183w, http:\/\/loklinde.de\/wp-content\/uploads\/2026\/04\/20260420_210753-scaled-e1776777224977-625x1024.jpg 625w, http:\/\/loklinde.de\/wp-content\/uploads\/2026\/04\/20260420_210753-scaled-e1776777224977-768x1259.jpg 768w, http:\/\/loklinde.de\/wp-content\/uploads\/2026\/04\/20260420_210753-scaled-e1776777224977-937x1536.jpg 937w, http:\/\/loklinde.de\/wp-content\/uploads\/2026\/04\/20260420_210753-scaled-e1776777224977-1250x2048.jpg 1250w, http:\/\/loklinde.de\/wp-content\/uploads\/2026\/04\/20260420_210753-scaled-e1776777224977.jpg 1440w\" sizes=\"auto, (max-width: 300px) 100vw, 300px\" \/><\/a><\/p>\n<p>Der Vorstand erw\u00e4hnte noch folgende Punkte:<\/p>\n<ul>\n<li>Reinigungsplan der Lokation<\/li>\n<li>Gemeinschaftsprojekt \u201eHutbecher\u201c aus Hartplastik<\/li>\n<li>Anschaffung eines neuen Container f\u00fcr unseren neuen Zug<\/li>\n<\/ul>\n<p>Anschlie\u00dfend wurde der offizielle Teil der Sitzung geschlossen und der Abend mit dem Tagesordnungspunkt \u201egem\u00fctliches Beisammensein\u201c beendet.<\/p>\n<p style=\"text-align: center;\">Anzahl Mitglieder am 20.04.2026:<\/p>\n<p style=\"text-align: center;\"><strong>252 (77 Frauen und 175 M\u00e4nner)<\/strong><\/p>\n","protected":false},"excerpt":{"rendered":"<p>Auch in diesem Jahr, am 20. April 2026, waren die Mitglieder des Schoppenvereins 1. FC Lok Linde zur Hauptversammlung geladen. Vorsitzender Marc Schramm begr\u00fc\u00dfte ca. 50 Mitglieder im Sportlerhaus Dipperz. Nach einer Gedenkminute f\u00fcr die verstorbenen Vereinsmitglieder bedankte sich Vorsitzender Marc Schramm bei den Mitgliedern f\u00fcr die Einsatzbereitschaft bei den verschiedenen Veranstaltungen. Die 1. Schriftf\u00fchrerin [&hellip;]<\/p>\n","protected":false},"author":1,"featured_media":0,"parent":0,"menu_order":0,"comment_status":"closed","ping_status":"closed","template":"","meta":{"ngg_post_thumbnail":0,"footnotes":""},"class_list":["post-6900","page","type-page","status-publish","hentry"],"_links":{"self":[{"href":"http:\/\/loklinde.de\/index.php\/wp-json\/wp\/v2\/pages\/6900","targetHints":{"allow":["GET"]}}],"collection":[{"href":"http:\/\/loklinde.de\/index.php\/wp-json\/wp\/v2\/pages"}],"about":[{"href":"http:\/\/loklinde.de\/index.php\/wp-json\/wp\/v2\/types\/page"}],"author":[{"embeddable":true,"href":"http:\/\/loklinde.de\/index.php\/wp-json\/wp\/v2\/users\/1"}],"replies":[{"embeddable":true,"href":"http:\/\/loklinde.de\/index.php\/wp-json\/wp\/v2\/comments?post=6900"}],"version-history":[{"count":10,"href":"http:\/\/loklinde.de\/index.php\/wp-json\/wp\/v2\/pages\/6900\/revisions"}],"predecessor-version":[{"id":7092,"href":"http:\/\/loklinde.de\/index.php\/wp-json\/wp\/v2\/pages\/6900\/revisions\/7092"}],"wp:attachment":[{"href":"http:\/\/loklinde.de\/index.php\/wp-json\/wp\/v2\/media?parent=6900"}],"curies":[{"name":"wp","href":"https:\/\/api.w.org\/{rel}","templated":true}]}}